{"id":142,"date":"2023-12-04T19:04:32","date_gmt":"2023-12-04T19:04:32","guid":{"rendered":"https:\/\/egedi.ase.ro\/?page_id=142"},"modified":"2023-12-04T19:08:42","modified_gmt":"2023-12-04T19:08:42","slug":"2022-2","status":"publish","type":"page","link":"https:\/\/egedi.ase.ro\/?page_id=142","title":{"rendered":"\u3164"},"content":{"rendered":"\n<div class=\"wp-block-media-text is-stacked-on-mobile\" style=\"grid-template-columns:30% auto\"><figure class=\"wp-block-media-text__media\"><img loading=\"lazy\" decoding=\"async\" width=\"494\" height=\"497\" src=\"https:\/\/egedi.ase.ro\/wp-content\/uploads\/2023\/11\/Picture1dinnou.png\" alt=\"\" class=\"wp-image-57 size-full\" srcset=\"https:\/\/egedi.ase.ro\/wp-content\/uploads\/2023\/11\/Picture1dinnou.png 494w, https:\/\/egedi.ase.ro\/wp-content\/uploads\/2023\/11\/Picture1dinnou-298x300.png 298w, https:\/\/egedi.ase.ro\/wp-content\/uploads\/2023\/11\/Picture1dinnou-150x150.png 150w\" sizes=\"auto, (max-width: 494px) 100vw, 494px\" \/><\/figure><div class=\"wp-block-media-text__content\">\n<p>Pe data de 28 iulie 2022, la Institutul Francez din Bucure\u015fti, prof. Roxana Marinescu a participat la lansarea Raportului de cercetare <a href=\"https:\/\/centrulfilia.ro\/new\/wp-content\/uploads\/2022\/07\/Raport-cercetare-Hartuirea-sexuala-in-universitati-RO.pdf\" data-type=\"link\" data-id=\"https:\/\/centrulfilia.ro\/new\/wp-content\/uploads\/2022\/07\/Raport-cercetare-Hartuirea-sexuala-in-universitati-RO.pdf\"><em>\u201eH\u0103r\u021buirea sexual\u0103 \u0219i discriminarea de gen \u00een spa\u021biul universitar. Contextul actual \u0219i recomand\u0103ri pentru un mediu academic (mai) sigur\u201d<\/em>, <\/a>realizat de Centrul FILIA \u015fi ANOSR \u00een cadrul proiectului TRUST: Tineri Responsabili pentru Universit\u0103\u021bi Sigure \u0219i Echitabile.<\/p>\n<\/div><\/div>\n\n\n\n<div class=\"wp-block-media-text has-media-on-the-right is-stacked-on-mobile\" style=\"grid-template-columns:auto 38%\"><div class=\"wp-block-media-text__content\">\n<p>Pe 25 octombrie 2022 a avut loc \u00eent\u00e2lnirea consultativ\u0103 pe tema punerii \u00een practic\u0103 a Planurilor pentru egalitate de gen \u00een universit\u0103\u0163i, organizat\u0103 de Agen\u0163ia Na\u0163ional\u0103 pentru Egalitate de \u015eanse \u00eentre Femei \u015fi B\u0103rba\u0163i (ANES) \u015fi care s-a desf\u0103\u015furat online, la care a participat prof. Roxana Marinescu<\/p>\n<\/div><figure class=\"wp-block-media-text__media\"><img loading=\"lazy\" decoding=\"async\" width=\"593\" height=\"344\" src=\"https:\/\/egedi.ase.ro\/wp-content\/uploads\/2023\/11\/Picture3.png\" alt=\"\" class=\"wp-image-58 size-full\" srcset=\"https:\/\/egedi.ase.ro\/wp-content\/uploads\/2023\/11\/Picture3.png 593w, https:\/\/egedi.ase.ro\/wp-content\/uploads\/2023\/11\/Picture3-300x174.png 300w\" sizes=\"auto, (max-width: 593px) 100vw, 593px\" \/><\/figure><\/div>\n\n\n\n<div class=\"wp-block-media-text is-stacked-on-mobile\" style=\"grid-template-columns:53% auto\"><figure class=\"wp-block-media-text__media\"><img loading=\"lazy\" decoding=\"async\" width=\"754\" height=\"371\" src=\"https:\/\/egedi.ase.ro\/wp-content\/uploads\/2023\/11\/bleahh.png\" alt=\"\" class=\"wp-image-87 size-full\" srcset=\"https:\/\/egedi.ase.ro\/wp-content\/uploads\/2023\/11\/bleahh.png 754w, https:\/\/egedi.ase.ro\/wp-content\/uploads\/2023\/11\/bleahh-300x148.png 300w\" sizes=\"auto, (max-width: 754px) 100vw, 754px\" \/><\/figure><div class=\"wp-block-media-text__content\">\n<p>Pe data de 1 noiembrie 2022, prof. Roxana Marinescu a participat la lansarea campaniei de CSR L&#8217;Or\u00e9al StandUp \u00eempotriva h\u0103r\u021buirii stradale, \u00een colaborare cu ong-ul Right To Be \u0219i Centrul FILIA.<\/p>\n<\/div><\/div>\n\n\n\n<div class=\"wp-block-media-text has-media-on-the-right is-stacked-on-mobile\"><div class=\"wp-block-media-text__content\">\n<p class=\"has-text-align-left\">Pe 3 noiembrie 2022 a avut loc \u00cent\u00e2lnirea consultativ\u0103 ANES pe tema revizuirii standardului ocupa\u021bional \u201eExpert \u00een egalitate de \u015fanse\u201d cod COR 24223, la care a participat prof. Roxana Marinescu.<\/p>\n<\/div><figure class=\"wp-block-media-text__media\"><img loading=\"lazy\" decoding=\"async\" width=\"771\" height=\"228\" src=\"https:\/\/egedi.ase.ro\/wp-content\/uploads\/2023\/11\/Capture.png\" alt=\"\" class=\"wp-image-64 size-full\" srcset=\"https:\/\/egedi.ase.ro\/wp-content\/uploads\/2023\/11\/Capture.png 771w, https:\/\/egedi.ase.ro\/wp-content\/uploads\/2023\/11\/Capture-300x89.png 300w, https:\/\/egedi.ase.ro\/wp-content\/uploads\/2023\/11\/Capture-768x227.png 768w\" sizes=\"auto, (max-width: 771px) 100vw, 771px\" \/><\/figure><\/div>\n\n\n\n<div class=\"wp-block-media-text is-stacked-on-mobile\" style=\"grid-template-columns:24% auto\"><figure class=\"wp-block-media-text__media\"><img loading=\"lazy\" decoding=\"async\" width=\"463\" height=\"690\" src=\"https:\/\/egedi.ase.ro\/wp-content\/uploads\/2023\/11\/Capture.PNG11.png\" alt=\"\" class=\"wp-image-65 size-full\" srcset=\"https:\/\/egedi.ase.ro\/wp-content\/uploads\/2023\/11\/Capture.PNG11.png 463w, https:\/\/egedi.ase.ro\/wp-content\/uploads\/2023\/11\/Capture.PNG11-201x300.png 201w\" sizes=\"auto, (max-width: 463px) 100vw, 463px\" \/><\/figure><div class=\"wp-block-media-text__content\">\n<ul class=\"wp-block-list\">\n<li>\u00cen data de 9 noiembrie 2022 a avut loc o reuniune de lucru cu dl. Prorector Dan Dumitrescu \u015fi cu dl. Prorector Marius Profiroiu privind stabilirea unui site web \u015fi a unei adrese de mail, precum \u015fi pentru promovarea Strategiei pentru egalitate de gen, echitate, diversitate \u015fi incluziune, realizat\u0103 de Comitetul EGEDI.<\/li>\n\n\n\n<li>Pe 21 noiembrie 2011 a avut loc o prim\u0103 luare de contact pe mail cu reprezentan\u0163ii corpului studen\u0163esc nominaliza\u0163i de USASE la nivelul facult\u0103\u0163ilor ASE, urm\u00e2nd s\u0103 se organizeze o \u00eent\u00e2lnire online sau \u00een persoan\u0103 \u00een viitorul apropiat.<\/li>\n\n\n\n<li>\u00cen data de 23 noiembrie 2022, Prof. Roxana Marinescu a prezentat Planul pentru egalitate de gen al ASE 2022-2030 \u00een contextul SDG \u015fi SDG 5: &#8220;Addressing the Sustainable Development Goal 5 \u201dGender Equality\u201d at the level of the Bucharest University of Economic Studies: Overview of the Gender Equality Plan of the University for the period 2022-2030&#8221; \u00een cadrul International Knowledge Fair ASE. Prezentarea a inclus transversalitatea chestiunii genului \u00een toate cele 17 Sustainable Development Goals (SDG), cu accent pe SDG 5, care se refer\u0103 specific la dimeniunea de gen, a inclus explica\u0163ii despre locul penultim de\u0163inut de Rom\u00e2nia la indexul egalit\u0103\u0163ii de gen din UE \u00een 2022, realizat de Institutul European pentru Egalitate de Gen. \u00cen plus, s-au trecut \u00een revist\u0103 c\u00e2teva politici europene care sunt centrate pe perspectiva de gen, iar \u00een context a fost prezentat Planul de egalitate de gen al ASE pentru perioada 2022-2030. Evenimentul s-a desf\u0103\u015furat online \u015fi la el au participat cadre didactice, personal didactic auxiliar \u015fi nedidactic, precum si studente \u015fi studen\u0163i din ASE.<\/li>\n<\/ul>\n<\/div><\/div>\n\n\n\n<figure class=\"wp-block-image size-full is-resized\"><img loading=\"lazy\" decoding=\"async\" width=\"716\" height=\"210\" src=\"https:\/\/egedi.ase.ro\/wp-content\/uploads\/2023\/11\/roz.png\" alt=\"\" class=\"wp-image-69\" style=\"aspect-ratio:3.4095238095238094;width:874px;height:auto\" srcset=\"https:\/\/egedi.ase.ro\/wp-content\/uploads\/2023\/11\/roz.png 716w, https:\/\/egedi.ase.ro\/wp-content\/uploads\/2023\/11\/roz-300x88.png 300w\" sizes=\"auto, (max-width: 716px) 100vw, 716px\" \/><\/figure>\n\n\n\n<div class=\"wp-block-media-text is-stacked-on-mobile\" style=\"grid-template-columns:55% auto\"><figure class=\"wp-block-media-text__media\"><img loading=\"lazy\" decoding=\"async\" width=\"742\" height=\"316\" src=\"https:\/\/egedi.ase.ro\/wp-content\/uploads\/2023\/11\/Capture.PNGzz_.png\" alt=\"\" class=\"wp-image-71 size-full\" srcset=\"https:\/\/egedi.ase.ro\/wp-content\/uploads\/2023\/11\/Capture.PNGzz_.png 742w, https:\/\/egedi.ase.ro\/wp-content\/uploads\/2023\/11\/Capture.PNGzz_-300x128.png 300w\" sizes=\"auto, (max-width: 742px) 100vw, 742px\" \/><\/figure><div class=\"wp-block-media-text__content\">\n<p>Pe 6 decembrie 2022 a avut loc \u00een ASE un training pe tema h\u0103r\u0163uirii stradale &#8211; interven\u0163ia martorilor, Centrul FILIA \u00een cadrul campaniei L\u2019Or\u00e9al StandUP, trainer\u0103 Adela Alexandru, la care au participat studen\u0163i \u015fi studente de la ciclul de licen\u0163\u0103 \u015fi master. Evenimentul a fost realizat cu sprijinul USASE.<\/p>\n<\/div><\/div>\n\n\n\n<div class=\"wp-block-media-text has-media-on-the-right is-stacked-on-mobile\" style=\"grid-template-columns:auto 47%\"><div class=\"wp-block-media-text__content\">\n<p>Pe 9 decembrie 2022, la Re\u015fedin\u0163a ES Ambasadorul Republicii Federale Germania la Bucure\u015fti, prof. Roxana Marinescu a participat la lansarea Barometrului Violen\u0163ei de gen: <a href=\"https:\/\/centrulfilia.ro\/new\/wp-content\/uploads\/2022\/12\/Barometrul-Violenta-de-Gen.-Romania-2022.pdf\" data-type=\"link\" data-id=\"https:\/\/centrulfilia.ro\/new\/wp-content\/uploads\/2022\/12\/Barometrul-Violenta-de-Gen.-Romania-2022.pdf\">\u201cBarometrul violen\u0163ei de gen 2022. Violen\u0163a \u00eempotriva femeilor \u00een Rom\u00e2nia: reprezent\u0103ri, percep\u0163ii\/ Gender Based Violence Barometer. Violence against women in Romania: representations, perceptions\u201d<\/a>, co-autori prof. univ. dr. Ionela B\u0103lu\u0163\u0103 \u015fi conf. univ. dr. Claudiu Tufi\u015f.<\/p>\n<\/div><figure class=\"wp-block-media-text__media\"><img loading=\"lazy\" decoding=\"async\" width=\"658\" height=\"783\" src=\"https:\/\/egedi.ase.ro\/wp-content\/uploads\/2023\/11\/Capture.PNGsssss.png\" alt=\"\" class=\"wp-image-72 size-full\" srcset=\"https:\/\/egedi.ase.ro\/wp-content\/uploads\/2023\/11\/Capture.PNGsssss.png 658w, https:\/\/egedi.ase.ro\/wp-content\/uploads\/2023\/11\/Capture.PNGsssss-252x300.png 252w\" sizes=\"auto, (max-width: 658px) 100vw, 658px\" \/><\/figure><\/div>\n","protected":false},"excerpt":{"rendered":"<p>Pe data de 28 iulie 2022, la Institutul Francez din Bucure\u015fti, prof. Roxana Marinescu a&#8230;<\/p>\n","protected":false},"author":2,"featured_media":0,"parent":0,"menu_order":0,"comment_status":"closed","ping_status":"closed","template":"","meta":{"footnotes":""},"class_list":["post-142","page","type-page","status-publish","hentry"],"_links":{"self":[{"href":"https:\/\/egedi.ase.ro\/index.php?rest_route=\/wp\/v2\/pages\/142","targetHints":{"allow":["GET"]}}],"collection":[{"href":"https:\/\/egedi.ase.ro\/index.php?rest_route=\/wp\/v2\/pages"}],"about":[{"href":"https:\/\/egedi.ase.ro\/index.php?rest_route=\/wp\/v2\/types\/page"}],"author":[{"embeddable":true,"href":"https:\/\/egedi.ase.ro\/index.php?rest_route=\/wp\/v2\/users\/2"}],"replies":[{"embeddable":true,"href":"https:\/\/egedi.ase.ro\/index.php?rest_route=%2Fwp%2Fv2%2Fcomments&post=142"}],"version-history":[{"count":4,"href":"https:\/\/egedi.ase.ro\/index.php?rest_route=\/wp\/v2\/pages\/142\/revisions"}],"predecessor-version":[{"id":149,"href":"https:\/\/egedi.ase.ro\/index.php?rest_route=\/wp\/v2\/pages\/142\/revisions\/149"}],"wp:attachment":[{"href":"https:\/\/egedi.ase.ro\/index.php?rest_route=%2Fwp%2Fv2%2Fmedia&parent=142"}],"curies":[{"name":"wp","href":"https:\/\/api.w.org\/{rel}","templated":true}]}}