{"id":21,"date":"2023-11-13T08:13:31","date_gmt":"2023-11-13T08:13:31","guid":{"rendered":"https:\/\/egedi.ase.ro\/?page_id=21"},"modified":"2023-12-15T12:42:25","modified_gmt":"2023-12-15T12:42:25","slug":"contact","status":"publish","type":"page","link":"https:\/\/egedi.ase.ro\/?page_id=21","title":{"rendered":"Contact"},"content":{"rendered":"\n<p>egalitate@ase.ro<\/p>\n\n\n\n<p><\/p>\n\n\n\n<figure class=\"wp-block-table\"><table><tbody><tr><td class=\"has-text-align-center\" data-align=\"center\">Facultate<\/td><td class=\"has-text-align-center\" data-align=\"center\">Reprezentan\u0163i\/e cadre didactice<\/td><td class=\"has-text-align-center\" data-align=\"center\">Reprezentan\u0163i\/e corp studen\u0163esc<\/td><\/tr><tr><td class=\"has-text-align-center\" data-align=\"center\">FABIZ<\/td><td class=\"has-text-align-center\" data-align=\"center\">conf. univ. dr. Ghinea Valentina Mihaela <br><br><em>valentina.ghinea@fabiz.ase.ro<\/em><\/td><td class=\"has-text-align-center\" data-align=\"center\">Stanomir Ruxandra, <br><br><em>stanomirruxandra20@stud.ase.ro<\/em><\/td><\/tr><tr><td class=\"has-text-align-center\" data-align=\"center\">AMP<\/td><td class=\"has-text-align-center\" data-align=\"center\">asist. univ. dr. P\u00eervu C\u0103t\u0103lin <br><br><em>catalin.pirvu@man.ase.ro<\/em><\/td><td class=\"has-text-align-center\" data-align=\"center\">Oprea Cristian, <br><br><em>cristian.oprea@stud.ase.ro<\/em><\/td><\/tr><tr><td class=\"has-text-align-center\" data-align=\"center\">CSIE<\/td><td class=\"has-text-align-center\" data-align=\"center\">conf. univ. dr. Oprea Simona Vasilica <br><br><em>simona.oprea@csie.ase.ro<\/em><\/td><td class=\"has-text-align-center\" data-align=\"center\">Caragea Iliana, <br><br><em>Iliana.caragea@stud.ase.ro<\/em><\/td><\/tr><tr><td class=\"has-text-align-center\" data-align=\"center\">CIG<\/td><td class=\"has-text-align-center\" data-align=\"center\">conf. univ. dr. \u0218tefan Bunea <br><br><em>stefan.bunea@cig.ase.ro<\/em><\/td><td class=\"has-text-align-center\" data-align=\"center\">Anghel Claudia, <br><br><em>claudia.anghel@stud.ase.ro<\/em><\/td><\/tr><tr><td class=\"has-text-align-center\" data-align=\"center\">Drept<\/td><td class=\"has-text-align-center\" data-align=\"center\">lector univ. dr. Andreea Stoican Matei <br><br><em>andreea.stoican@drept.ase.ro<\/em><\/td><td class=\"has-text-align-center\" data-align=\"center\">Stanciu Claudia, <br><br><em>claudia.stanciu@stud.ase.ro<\/em><\/td><\/tr><tr><td class=\"has-text-align-center\" data-align=\"center\">BT<\/td><td class=\"has-text-align-center\" data-align=\"center\">lector univ. dr. Bulin Daniel <br><br><em>daniel.bulin@com.ase.ro<\/em><\/td><td class=\"has-text-align-center\" data-align=\"center\">Necsescu Maria, <br><br><em>necsescumaria19@stud.ase.ro<\/em><\/td><\/tr><tr><td class=\"has-text-align-center\" data-align=\"center\">EAM<\/td><td class=\"has-text-align-center\" data-align=\"center\">prof. univ. dr. Dominteanu Teodora <br><br><em>teodora.dominteanu@defs.ase.ro<\/em><\/td><td class=\"has-text-align-center\" data-align=\"center\">Constantin Vl\u0103du\u021b, <br><br><em>cosmin.constantin@stud.ase.ro<\/em><\/td><\/tr><tr><td class=\"has-text-align-center\" data-align=\"center\">ETA<\/td><td class=\"has-text-align-center\" data-align=\"center\">prof. univ. dr. Iacob Silvia Elena <br><br><em>silvia.iacob@economie.ase.ro<\/em><\/td><td class=\"has-text-align-center\" data-align=\"center\">Petre Iulia, <br><br><em>petreiulia20@stud.ase.ro<\/em><\/td><\/tr><tr><td class=\"has-text-align-center\" data-align=\"center\">FABBV<\/td><td class=\"has-text-align-center\" data-align=\"center\">conf. univ. dr. \u021a\u00e2\u021bu Lucian <br><br><em>lucian.tatu@fin.ase.ro<\/em><\/td><td class=\"has-text-align-center\" data-align=\"center\">Mihaela Boldescu, <br><br><em>boldescumihaela21@stud.ase.ro<\/em><\/td><\/tr><tr><td class=\"has-text-align-center\" data-align=\"center\">MAN<\/td><td class=\"has-text-align-center\" data-align=\"center\">lector univ. dr. Badi\u021boiu Laura Adriana <br><br><em>laura.baditoiu@man.ase.ro<\/em><\/td><td class=\"has-text-align-center\" data-align=\"center\">Nu\u021b\u0103 Cristiana, <br><br><em>cristiana.nuta@stud.ase.ro<\/em><\/td><\/tr><tr><td class=\"has-text-align-center\" data-align=\"center\">MK<\/td><td class=\"has-text-align-center\" data-align=\"center\">conf. univ. dr. Bogdan Georgescu <br><br><em>bogdan.georgescu@mk.ase.ro<\/em><\/td><td class=\"has-text-align-center\" data-align=\"center\">Miu Claudia, <br><br><em>claudia.miu@stud.ase.ro<\/em><\/td><\/tr><tr><td class=\"has-text-align-center\" data-align=\"center\">REI<\/td><td class=\"has-text-align-center\" data-align=\"center\">conf. univ. dr. Topan Mihai Vladimir <br><br><em>mihai.topan@rei.ase.ro<\/em><\/td><td class=\"has-text-align-center\" data-align=\"center\">B\u0103dulescu Andreea Alexandra, <br><br><em>badulescuandreea19@stud.ase.ro<\/em><\/td><\/tr><tr><td class=\"has-text-align-center\" data-align=\"center\">BBS<\/td><td class=\"has-text-align-center\" data-align=\"center\">lector univ. dr. Igre\u021b Ramona \u0218tefania <br><br><em>ramona.igret@man.ase.ro<\/em><\/td><td class=\"has-text-align-center\" data-align=\"center\">&#8211;<\/td><\/tr><\/tbody><\/table><\/figure>\n\n\n\n<figure class=\"wp-block-image size-large\"><img loading=\"lazy\" decoding=\"async\" width=\"1024\" height=\"663\" src=\"https:\/\/egedi.ase.ro\/wp-content\/uploads\/2023\/12\/pexels-fauxels-3184398-3-1024x663.jpg\" alt=\"\" class=\"wp-image-227\" srcset=\"https:\/\/egedi.ase.ro\/wp-content\/uploads\/2023\/12\/pexels-fauxels-3184398-3-1024x663.jpg 1024w, https:\/\/egedi.ase.ro\/wp-content\/uploads\/2023\/12\/pexels-fauxels-3184398-3-300x194.jpg 300w, https:\/\/egedi.ase.ro\/wp-content\/uploads\/2023\/12\/pexels-fauxels-3184398-3-768x498.jpg 768w, https:\/\/egedi.ase.ro\/wp-content\/uploads\/2023\/12\/pexels-fauxels-3184398-3-1536x995.jpg 1536w, https:\/\/egedi.ase.ro\/wp-content\/uploads\/2023\/12\/pexels-fauxels-3184398-3-2048x1327.jpg 2048w\" sizes=\"auto, (max-width: 1024px) 100vw, 1024px\" \/><\/figure>\n","protected":false},"excerpt":{"rendered":"<p>egalitate@ase.ro Facultate Reprezentan\u0163i\/e cadre didactice Reprezentan\u0163i\/e corp studen\u0163esc FABIZ conf. univ. dr. Ghinea Valentina Mihaela&#8230;<\/p>\n","protected":false},"author":1,"featured_media":0,"parent":0,"menu_order":0,"comment_status":"closed","ping_status":"closed","template":"","meta":{"footnotes":""},"class_list":["post-21","page","type-page","status-publish","hentry"],"_links":{"self":[{"href":"https:\/\/egedi.ase.ro\/index.php?rest_route=\/wp\/v2\/pages\/21","targetHints":{"allow":["GET"]}}],"collection":[{"href":"https:\/\/egedi.ase.ro\/index.php?rest_route=\/wp\/v2\/pages"}],"about":[{"href":"https:\/\/egedi.ase.ro\/index.php?rest_route=\/wp\/v2\/types\/page"}],"author":[{"embeddable":true,"href":"https:\/\/egedi.ase.ro\/index.php?rest_route=\/wp\/v2\/users\/1"}],"replies":[{"embeddable":true,"href":"https:\/\/egedi.ase.ro\/index.php?rest_route=%2Fwp%2Fv2%2Fcomments&post=21"}],"version-history":[{"count":8,"href":"https:\/\/egedi.ase.ro\/index.php?rest_route=\/wp\/v2\/pages\/21\/revisions"}],"predecessor-version":[{"id":229,"href":"https:\/\/egedi.ase.ro\/index.php?rest_route=\/wp\/v2\/pages\/21\/revisions\/229"}],"wp:attachment":[{"href":"https:\/\/egedi.ase.ro\/index.php?rest_route=%2Fwp%2Fv2%2Fmedia&parent=21"}],"curies":[{"name":"wp","href":"https:\/\/api.w.org\/{rel}","templated":true}]}}